{"id":1294,"date":"2026-03-30T07:55:11","date_gmt":"2026-03-30T06:55:11","guid":{"rendered":"https:\/\/billionaire-spin.org\/inicio-de-sesion-y-registro\/"},"modified":"2026-03-30T12:19:47","modified_gmt":"2026-03-30T11:19:47","slug":"logowanie-i-rejestracja","status":"publish","type":"page","link":"https:\/\/billionaire-spin.org\/pl\/logowanie-i-rejestracja\/","title":{"rendered":"Logowanie i rejestracja"},"content":{"rendered":"<h1>Billionairespin Login i rejestracja<\/h1>\n<p>Billionairespin login zapewnia graczom szybki dost\u0119p do konta, ustawie\u0144 osobistych i obszaru gier. Rejestracja pozwala utworzy\u0107 konto w kilku krokach. Nast\u0119pnie mo\u017cesz zalogowa\u0107 si\u0119 na komputerze stacjonarnym lub urz\u0105dzeniu mobilnym i zarz\u0105dza\u0107 swoimi danymi w jednym miejscu.<\/p>\n<p>Proces rejestracji jest przejrzysty i \u0142atwy do wykonania. Okno logowania pomaga powracaj\u0105cym graczom uzyska\u0107 dost\u0119p do swoich kont w ci\u0105gu kilku sekund, natomiast zak\u0142adka rejestracji prowadzi nowych u\u017cytkownik\u00f3w przez kolejne etapy niezb\u0119dne do za\u0142o\u017cenia profilu. Obie czynno\u015bci prowadz\u0105 do tej samej sekcji konta Billionairespin, gdzie polscy gracze mog\u0105 sprawdzi\u0107 stan konta, przejrze\u0107 histori\u0119 transakcji, zaktualizowa\u0107 ustawienia oraz, w razie potrzeby, zweryfikowa\u0107 swoje konto.<\/p>\n<p><div class=\"banner-wrap\" aria-label=\"Banner\"><img src=\"https:\/\/billionaire-spin.org\/wp-content\/uploads\/2026\/01\/Desktop-123-1.webp\" class=\"w-100 d-none d-lg-block img-pc main-banner-img\" alt=\"billionairespin bonus pc\" fetchpriority=\"high\" decoding=\"async\"><img src=\"https:\/\/billionaire-spin.org\/wp-content\/uploads\/2026\/04\/Billionariespin-mobile-banner.webp\" class=\"w-100 d-none d-md-block d-lg-none main-banner-img\" alt=\"billionairespin bonus mobile\" fetchpriority=\"high\" decoding=\"async\"><img src=\"https:\/\/billionaire-spin.org\/wp-content\/uploads\/2026\/04\/Billionariespin-mobile-banner.webp\" class=\"w-100 d-md-none\" alt=\"billionairespin bonus mobile\" fetchpriority=\"high\" decoding=\"async\"><div class=\"banner-description\">\n<div class=\"banner-title\">Bonusy powitalne<\/div>\n<p class=\"banner-header-title\">$1,500<\/p>\n<div class=\"banner-header-AdditionalText\">+ 250 Darmowe spiny<\/div>\n<button data-item=\"homepage_banner_link\" class=\"goto m-button m-gradient-border m-button--primary m-button--large banner-button btn-orange\">\n            <div class=\"m-button-content\">\n                <span>Zarejestruj si\u0119 teraz<\/span>\n                <span><\/span>\n            <\/div>\n        <\/button>\n<\/div>\n<div class=\"WelcomePack\">\n<p><img loading=\"lazy\" decoding=\"async\" class=\"alignnone size-full wp-image-1383\" src=\"https:\/\/billionaire-spin.org\/wp-content\/uploads\/2026\/03\/welcome-crown.png\" alt=\"welcome crown\" width=\"25\" height=\"26\" \/><\/p>\n<div class=\"WelcomePack-Info\">Cotygodniowy zwrot got\u00f3wki do 25%<\/div>\n<p><img loading=\"lazy\" decoding=\"async\" class=\"alignnone size-full wp-image-1383\" src=\"https:\/\/billionaire-spin.org\/wp-content\/uploads\/2026\/03\/welcome-crown.png\" alt=\"welcome crown\" width=\"25\" height=\"26\" \/><\/p>\n<\/div>\n<\/div><div class=\"scrollable-content-wrap my-5\"><div class=\"scrollable-content-inner\"><h2>Rejestracja w kasynie Billionairespin<\/h2>\n<p>Rejestracja w Billionairespin to punkt wyj\u015bcia do pe\u0142nego dost\u0119pu do konta. Tworzy profil gracza i \u0142\u0105czy go z g\u0142\u00f3wnymi narz\u0119dziami konta, w tym ustawieniami profilu, histori\u0105 konta, opcjami bezpiecze\u0144stwa i pomoc\u0105 techniczn\u0105. Po rejestracji w Billionaire Spin gracze mog\u0105 wraca\u0107 do tego samego profilu z r\u00f3\u017cnych urz\u0105dze\u0144 bez konieczno\u015bci tworzenia nowego konta za ka\u017cdym razem.<\/p>\n<p>Za\u0142o\u017cone konto znacznie u\u0142atwia codzienne korzystanie z serwisu. Gracze mog\u0105 przechowywa\u0107 dane osobowe w jednym miejscu, \u015bledzi\u0107 wa\u017cne powiadomienia i unikn\u0105\u0107 nieporozumie\u0144, gdy p\u00f3\u017aniej b\u0119d\u0105 musieli potwierdzi\u0107 w\u0142asno\u015b\u0107 konta. W kasynie Billionairespin formularz rejestracyjny zawiera tylko te dane, kt\u00f3re s\u0105 nam potrzebne do otwarcia konta. Uk\u0142ad jest przejrzysty, wi\u0119c nowi gracze mog\u0105 go wype\u0142ni\u0107 bez problem\u00f3w.<\/p>\n<table>\n<tbody>\n<tr>\n<td>Pole rejestracji<\/td>\n<td>Funkcja<\/td>\n<\/tr>\n<tr>\n<td>Adres e-mail<\/td>\n<td>\u0141\u0105czy konto z jednym aktywnym adresem e-mail<\/td>\n<\/tr>\n<tr>\n<td>Has\u0142o<\/td>\n<td>Chroni dost\u0119p do Twojego profilu<\/td>\n<\/tr>\n<tr>\n<td>Kod promocyjny<\/td>\n<td>Pozwala na dodanie wa\u017cnego kodu podczas rejestracji<\/td>\n<\/tr>\n<tr>\n<td>Wymagane pola wyboru<\/td>\n<td>Potwierd\u017a wiek, zasady i warunki dotycz\u0105ce prywatno\u015bci<\/td>\n<\/tr>\n<tr>\n<td>Rejestracja przez Google<\/td>\n<td>Szybsze otwarcie konta na obs\u0142ugiwanych urz\u0105dzeniach<\/td>\n<\/tr>\n<\/tbody>\n<\/table>\n<h3>Jak zarejestrowa\u0107 si\u0119 w Billionaire Spin<\/h3>\n<p>Rejestracja w Billionaire Spin zajmuje tylko kilka minut. Formularz jest zwi\u0119z\u0142y, a uk\u0142ad jest \u0142atwy do zrozumienia ju\u017c od pierwszego ekranu. Gracze zaczynaj\u0105 od zak\u0142adki rejestracji, wprowadzaj\u0105 wymagane dane i zaznaczaj\u0105 niezb\u0119dne pola, zanim konto zostanie utworzone.<\/p>\n<ul>\n<li>Otw\u00f3rz zak\u0142adk\u0119 \u201eZarejestruj si\u0119\u201d w oknie konta.<\/li>\n<li>Wpisz sw\u00f3j adres e-mail i stw\u00f3rz has\u0142o, kt\u00f3re jest silne i \u0142atwe do zapami\u0119tania.<\/li>\n<li>Dodaj kod promocyjny, je\u015bli chcesz z niego skorzysta\u0107.<\/li>\n<li>Zaznacz wymagane pola wyboru i prze\u015blij formularz.<\/li>\n<li>Po rejestracji uzupe\u0142nij brakuj\u0105ce dane osobowe na koncie.<\/li>\n<\/ul>\n<p>Podaj prawdziwe dane podczas tworzenia konta. Pomo\u017ce nam to bez problem\u00f3w otworzy\u0107 Tw\u00f3j profil i u\u0142atwi p\u00f3\u017aniejsze weryfikacje. U\u017cyj adresu e-mail, kt\u00f3ry regularnie sprawdzasz. Wykorzystujemy go do odzyskiwania has\u0142a i wa\u017cnych aktualizacji dotycz\u0105cych konta. B\u0142\u0119dne lub nieaktywne dane mog\u0105 spowolni\u0107 rejestracj\u0119 w Billionairespin.<\/p>\n<p><img loading=\"lazy\" decoding=\"async\" class=\"alignnone size-full wp-image-1295\" src=\"https:\/\/billionaire-spin.org\/wp-content\/uploads\/2026\/03\/Billionarie-login.webp\" alt=\"Billionarie login\" width=\"1248\" height=\"536\" srcset=\"https:\/\/billionaire-spin.org\/wp-content\/uploads\/2026\/03\/Billionarie-login.webp 1248w, https:\/\/billionaire-spin.org\/wp-content\/uploads\/2026\/03\/Billionarie-login-300x129.webp 300w, https:\/\/billionaire-spin.org\/wp-content\/uploads\/2026\/03\/Billionarie-login-1024x440.webp 1024w, https:\/\/billionaire-spin.org\/wp-content\/uploads\/2026\/03\/Billionarie-login-768x330.webp 768w\" sizes=\"auto, (max-width: 1248px) 100vw, 1248px\" \/><\/p>\n<h2>Logowanie do Billionaire Spin i dost\u0119p do konta<\/h2>\n<p>Logowanie do Billionairespin zosta\u0142o zaprojektowane z my\u015bl\u0105 o szybko\u015bci i wygodzie. Powracaj\u0105cy gracze wpisuj\u0105 sw\u00f3j adres e-mail i has\u0142o w zak\u0142adce logowania, a niekt\u00f3rzy u\u017cytkownicy mog\u0105 r\u00f3wnie\u017c zobaczy\u0107 opcj\u0119 logowania przez Google. Proces logowania za ka\u017cdym razem otwiera to samo konto osobiste. Twoje ustawienia i dane konta pozostaj\u0105 w jednym profilu na wszystkich urz\u0105dzeniach.<\/p>\n<p>Po zalogowaniu mo\u017cesz sprawdzi\u0107 histori\u0119, zaktualizowa\u0107 ustawienia, przeczyta\u0107 wiadomo\u015bci na koncie i przej\u015b\u0107 do obszaru gier bez dodatkowych krok\u00f3w. W kasynie Billionairespin ten obszar ma by\u0107 praktyczny, a nie prze\u0142adowany, wi\u0119c najbardziej przydatne sekcje s\u0105 \u0142atwe do znalezienia.<\/p>\n<p>Obszar konta obejmuje portfel, histori\u0119, ustawienia profilu, ustawienia bezpiecze\u0144stwa oraz dost\u0119p do pomocy technicznej. Taka struktura pomaga graczom szybko rozwi\u0105zywa\u0107 typowe zadania zwi\u0105zane z kontem. Sprawia r\u00f3wnie\u017c, \u017ce kasyno Billionaire Spin staje si\u0119 z czasem \u0142atwiejsze w obs\u0142udze, poniewa\u017c \u017cadna wa\u017cna funkcja nie jest ukryta zbyt g\u0142\u0119boko w interfejsie.<\/p>\n<h3>Co gracze mog\u0105 zrobi\u0107 po zalogowaniu<\/h3>\n<p>Logowanie do Billionaire Spin otwiera nie tylko obszar gry. Otwiera r\u00f3wnie\u017c g\u0142\u00f3wne narz\u0119dzia konta potrzebne do regularnego u\u017cytkowania oraz ustawienia profilu.<\/p>\n<ul>\n<li>Wy\u015bwietli\u0107 saldo konta i ostatni\u0105 aktywno\u015b\u0107.<\/li>\n<li>Otworzy\u0107 histori\u0119 konta i przejrze\u0107 poprzednie sesje.<\/li>\n<li>Zaktualizowa\u0107 dane kontaktowe i informacje profilowe.<\/li>\n<li>Zmiana has\u0142a i korzystanie z dodatkowych ustawie\u0144 bezpiecze\u0144stwa.<\/li>\n<li>Skontaktuj si\u0119 z obs\u0142ug\u0105 klienta, je\u015bli pojawi\u0105 si\u0119 problemy z dost\u0119pem lub kontem.<\/li>\n<\/ul>\n<h3>Nie pami\u0119tasz has\u0142a?<\/h3>\n<p>Je\u015bli logowanie do serwisu Billionairespin nie dzia\u0142a, gracze powinni skorzysta\u0107 z linku do resetowania has\u0142a znajduj\u0105cego si\u0119 pod formularzem logowania. Proces ten jest prosty. Wprowad\u017a adres e-mail powi\u0105zany z kontem, otw\u00f3rz wiadomo\u015b\u0107 z linkiem do resetowania has\u0142a i utw\u00f3rz nowe has\u0142o za pomoc\u0105 bezpiecznego linku. Nast\u0119pnie wr\u00f3\u0107 do g\u0142\u00f3wnego okna i spr\u00f3buj ponownie zalogowa\u0107 si\u0119 do serwisu Billionairespin.<\/p>\n<p>Wiele problem\u00f3w z logowaniem wynika z drobnych b\u0142\u0119d\u00f3w. Stare zapisane has\u0142o, liter\u00f3wka w polu adresu e-mail lub niew\u0142a\u015bciwy profil przegl\u0105darki mog\u0105 zablokowa\u0107 dost\u0119p. Je\u015bli wiadomo\u015b\u0107 e-mail z linkiem do resetowania has\u0142a nie dotar\u0142a, najpierw sprawd\u017a folder Spam lub Promocje. Je\u015bli nadal nie mo\u017cesz uzyska\u0107 dost\u0119pu do konta, skontaktuj si\u0119 z obs\u0142ug\u0105 klienta za po\u015brednictwem czatu na \u017cywo.<\/p>\n<h2>Bezpiecze\u0144stwo konta i kontrola dost\u0119pu<\/h2>\n<p>Sprawdzamy dost\u0119p do konta, aby zapewni\u0107 bezpiecze\u0144stwo ka\u017cdego profilu. Podczas logowania mo\u017cemy poprosi\u0107 o dodatkowy kod lub inn\u0105 szybk\u0105 weryfikacj\u0119. Mo\u017cemy poprosi\u0107 o dodatkow\u0105 weryfikacj\u0119, gdy logujesz si\u0119 z nowego urz\u0105dzenia lub z innej lokalizacji. Ta weryfikacja potwierdza, \u017ce osoba loguj\u0105ca si\u0119 jest w\u0142a\u015bcicielem konta.<\/p>\n<p>Ty r\u00f3wnie\u017c mo\u017cesz zadba\u0107 o bezpiecze\u0144stwo swojego konta. U\u017cywaj silnego has\u0142a i nie udost\u0119pniaj go nikomu. Staraj si\u0119 nie logowa\u0107 na urz\u0105dzeniach publicznych. Je\u015bli to zrobisz, wyloguj si\u0119 po zako\u0144czeniu.<\/p>\n<p>W swoim koncie mo\u017cesz zaktualizowa\u0107 has\u0142o i przejrze\u0107 ostatni\u0105 aktywno\u015b\u0107. Je\u015bli co\u015b wygl\u0105da nietypowo, natychmiast skontaktuj si\u0119 z pomoc\u0105 techniczn\u0105. Logowanie do Billionairespin jest proste w normalnych przypadkach, ale dodajemy dodatkowe weryfikacje, gdy dostrzegamy zagro\u017cenie dla bezpiecze\u0144stwa.<\/p>\n<h2>Weryfikacja w kasynie Billionairespin<\/h2>\n<p>Weryfikacja to normalna cz\u0119\u015b\u0107 zabezpiecze\u0144 konta. Pomaga potwierdzi\u0107 to\u017csamo\u015b\u0107, wspiera odpowiedzialne korzystanie z konta i chroni kluczowe dzia\u0142ania w profilu. Kasyno Billionairespin mo\u017ce poprosi\u0107 o weryfikacj\u0119 przed pierwsz\u0105 wyp\u0142at\u0105 lub po aktywno\u015bci na koncie, kt\u00f3ra wymaga dodatkowej weryfikacji. Nie oznacza to, \u017ce jest jaki\u015b problem. W wi\u0119kszo\u015bci przypadk\u00f3w jest to standardowa kontrola.<\/p>\n<p>Weryfikacja rozpoczyna si\u0119 na koncie, gdzie gracze mog\u0105 sprawdzi\u0107, jakie dokumenty s\u0105 wymagane. Kasyno Billionaire Spin mo\u017ce poprosi\u0107 o dow\u00f3d to\u017csamo\u015bci, potwierdzenie adresu lub potwierdzenie, \u017ce \u017ar\u00f3d\u0142o p\u0142atno\u015bci nale\u017cy do w\u0142a\u015bciciela konta. Czytelne dokumenty i zgodne dane profilowe przyspieszaj\u0105 proces weryfikacji.<\/p>\n<table>\n<tbody>\n<tr>\n<td>Etap weryfikacji<\/td>\n<td>Co robi gracz<\/td>\n<td>Typowy wynik<\/td>\n<\/tr>\n<tr>\n<td>Przygotowanie dokument\u00f3w<\/td>\n<td>Zebranie dokumentu to\u017csamo\u015bci i dokument\u00f3w uzupe\u0142niaj\u0105cych<\/td>\n<td>Pliki s\u0105 gotowe do przes\u0142ania<\/td>\n<\/tr>\n<tr>\n<td>Etap przesy\u0142ania<\/td>\n<td>Wy\u015blij wymagane pliki za po\u015brednictwem konta<\/td>\n<td>Mo\u017cna rozpocz\u0105\u0107 weryfikacj\u0119<\/td>\n<\/tr>\n<tr>\n<td>Wewn\u0119trzna weryfikacja<\/td>\n<td>Poczekaj, a\u017c zesp\u00f3\u0142 sprawdzi dokumenty<\/td>\n<td>Status konta zosta\u0142 zaktualizowany<\/td>\n<\/tr>\n<tr>\n<td>Potwierdzenie<\/td>\n<td>Otrzymasz powiadomienie po zatwierdzeniu<\/td>\n<td>Pe\u0142ny dost\u0119p do konta pozostaje<\/td>\n<\/tr>\n<\/tbody>\n<\/table>\n<p>Gracze powinni upewni\u0107 si\u0119, \u017ce ka\u017cdy przes\u0142any plik jest czytelny i kompletny. Imiona i nazwiska, daty oraz inne dane osobowe powinny by\u0107 zgodne z informacjami ju\u017c wprowadzonymi w profilu. W kasynie Billionairespin weryfikacja przebiega znacznie \u0142atwiej, gdy konto zosta\u0142o utworzone od pocz\u0105tku przy u\u017cyciu dok\u0142adnych danych.<\/p>\n<h2>Cz\u0119sto zadawane pytania<\/h2>\n<h3>Jak uzyska\u0107 dost\u0119p do konta po rejestracji w Billionaire Spin?<\/h3>\n<p>U\u017cyj zak\u0142adki logowania i wprowad\u017a ten sam adres e-mail oraz has\u0142o, kt\u00f3rych u\u017cy\u0142e\u015b podczas rejestracji. Logowanie do Billionaire Spin otworzy Twoje konto w ci\u0105gu kilku sekund. Nast\u0119pnie mo\u017cesz przegl\u0105da\u0107 sw\u00f3j profil, sprawdza\u0107 wiadomo\u015bci na koncie i kontynuowa\u0107 od tego samego miejsca podczas nast\u0119pnej wizyty.<\/p>\n<h3>Czy mog\u0119 korzysta\u0107 z tego samego konta na telefonie i komputerze?<\/h3>\n<p>Na obu urz\u0105dzeniach korzystasz z jednego konta. Logowanie do Billionaire Spin zapewnia dost\u0119p do tego samego profilu na urz\u0105dzeniach mobilnych i stacjonarnych. Ustawienia konta, historia i zapisane dane pozostaj\u0105 w jednym miejscu, wi\u0119c nie musisz tworzy\u0107 oddzielnego profilu.<\/p>\n<h3>Czy mog\u0119 za\u0142o\u017cy\u0107 wi\u0119cej ni\u017c jedno konto?<\/h3>\n<p>Zezwalamy na jedno konto na gracza. Je\u015bli masz ju\u017c profil, u\u017cyj go, aby si\u0119 zalogowa\u0107 lub odzyska\u0107 dost\u0119p. Nie otwieraj drugiego konta, poniewa\u017c mo\u017ce to prowadzi\u0107 do kontroli konta lub ogranicze\u0144.<\/p>\n<h3>Co si\u0119 stanie, je\u015bli zbyt wiele razy wprowadz\u0119 nieprawid\u0142owe has\u0142o?<\/h3>\n<p>Zbyt wiele nieudanych pr\u00f3b mo\u017ce tymczasowo ograniczy\u0107 dost\u0119p ze wzgl\u0119d\u00f3w bezpiecze\u0144stwa. W takim przypadku gracze powinni chwil\u0119 poczeka\u0107, a nast\u0119pnie spr\u00f3bowa\u0107 ponownie lub skorzysta\u0107 z opcji resetowania, je\u015bli nie s\u0105 ju\u017c pewni has\u0142a.<\/p>\n<h3>Dlaczego wymagana jest weryfikacja konta?<\/h3>\n<p>Billionaire Spin Casino mo\u017ce poprosi\u0107 o weryfikacj\u0119 w celu potwierdzenia to\u017csamo\u015bci, ochrony dost\u0119pu do konta i zapewnienia bezpiecznego korzystania z konta. Jest to standardowa procedura, kt\u00f3ra przebiega \u0142atwiej, je\u015bli gracz poda\u0142 prawid\u0142owe dane osobowe podczas rejestracji w Billionairespin.<\/p>\n<\/div><\/div><\/p>\n","protected":false},"excerpt":{"rendered":"<p>Billionairespin Login i rejestracja Billionairespin login zapewnia graczom szybki dost\u0119p do konta, ustawie\u0144 osobistych i obszaru gier. Rejestracja pozwala utworzy\u0107 konto w kilku krokach. Nast\u0119pnie mo\u017cesz zalogowa\u0107 si\u0119 na komputerze stacjonarnym lub urz\u0105dzeniu mobilnym i zarz\u0105dza\u0107 swoimi danymi w jednym miejscu. Proces rejestracji jest przejrzysty i \u0142atwy do wykonania. Okno logowania pomaga powracaj\u0105cym graczom uzyska\u0107 [&hellip;]<\/p>\n","protected":false},"author":1,"featured_media":0,"parent":0,"menu_order":0,"comment_status":"closed","ping_status":"closed","template":"template-builder.php","meta":{"_acf_changed":false,"inline_featured_image":false,"footnotes":""},"class_list":["post-1294","page","type-page","status-publish","hentry"],"acf":[],"yoast_head":"<!-- This site is optimized with the Yoast SEO plugin v27.3 - https:\/\/yoast.com\/product\/yoast-seo-wordpress\/ -->\n<title>Billionairespin Login | Zaloguj si\u0119 na mobile i desktopie<\/title>\n<meta name=\"description\" content=\"U\u017cyj Billionaire Spin login, aby bezpiecznie si\u0119 zalogowa\u0107, uzyska\u0107 dost\u0119p do swojego profilu, sprawdzi\u0107 aktywno\u015b\u0107 konta, zaktualizowa\u0107 ustawienia i wr\u00f3ci\u0107 do swoich gier w kilka sekund.\" \/>\n<meta name=\"robots\" content=\"index, follow, max-snippet:-1, max-image-preview:large, max-video-preview:-1\" \/>\n<link rel=\"canonical\" href=\"https:\/\/billionaire-spin.org\/pl\/logowanie-i-rejestracja\/\" \/>\n<meta property=\"og:locale\" content=\"pl_PL\" \/>\n<meta property=\"og:type\" content=\"article\" \/>\n<meta property=\"og:title\" content=\"Billionairespin Login | Zaloguj si\u0119 na mobile i desktopie\" \/>\n<meta property=\"og:description\" content=\"U\u017cyj Billionaire Spin login, aby bezpiecznie si\u0119 zalogowa\u0107, uzyska\u0107 dost\u0119p do swojego profilu, sprawdzi\u0107 aktywno\u015b\u0107 konta, zaktualizowa\u0107 ustawienia i wr\u00f3ci\u0107 do swoich gier w kilka sekund.\" \/>\n<meta property=\"og:url\" content=\"https:\/\/billionaire-spin.org\/pl\/logowanie-i-rejestracja\/\" \/>\n<meta property=\"og:site_name\" content=\"billionaire-spin\" \/>\n<meta property=\"article:modified_time\" content=\"2026-03-30T11:19:47+00:00\" \/>\n<meta name=\"twitter:card\" content=\"summary_large_image\" \/>\n<meta name=\"twitter:label1\" content=\"Est. reading time\" \/>\n\t<meta name=\"twitter:data1\" content=\"1 minuta\" \/>\n<script type=\"application\/ld+json\" class=\"yoast-schema-graph\">{\"@context\":\"https:\\\/\\\/schema.org\",\"@graph\":[{\"@type\":\"WebPage\",\"@id\":\"https:\\\/\\\/billionaire-spin.org\\\/pl\\\/logowanie-i-rejestracja\\\/\",\"url\":\"https:\\\/\\\/billionaire-spin.org\\\/pl\\\/logowanie-i-rejestracja\\\/\",\"name\":\"Billionairespin Login | Zaloguj si\u0119 na mobile i desktopie\",\"isPartOf\":{\"@id\":\"https:\\\/\\\/billionaire-spin.org\\\/pl\\\/#website\"},\"datePublished\":\"2026-03-30T06:55:11+00:00\",\"dateModified\":\"2026-03-30T11:19:47+00:00\",\"description\":\"U\u017cyj Billionaire Spin login, aby bezpiecznie si\u0119 zalogowa\u0107, uzyska\u0107 dost\u0119p do swojego profilu, sprawdzi\u0107 aktywno\u015b\u0107 konta, zaktualizowa\u0107 ustawienia i wr\u00f3ci\u0107 do swoich gier w kilka sekund.\",\"breadcrumb\":{\"@id\":\"https:\\\/\\\/billionaire-spin.org\\\/pl\\\/logowanie-i-rejestracja\\\/#breadcrumb\"},\"inLanguage\":\"pl-PL\",\"potentialAction\":[{\"@type\":\"ReadAction\",\"target\":[\"https:\\\/\\\/billionaire-spin.org\\\/pl\\\/logowanie-i-rejestracja\\\/\"]}]},{\"@type\":\"BreadcrumbList\",\"@id\":\"https:\\\/\\\/billionaire-spin.org\\\/pl\\\/logowanie-i-rejestracja\\\/#breadcrumb\",\"itemListElement\":[{\"@type\":\"ListItem\",\"position\":1,\"name\":\"Billionairespin\",\"item\":\"https:\\\/\\\/billionaire-spin.org\\\/pl\\\/\"},{\"@type\":\"ListItem\",\"position\":2,\"name\":\"Logowanie i rejestracja\"}]},{\"@type\":\"WebSite\",\"@id\":\"https:\\\/\\\/billionaire-spin.org\\\/pl\\\/#website\",\"url\":\"https:\\\/\\\/billionaire-spin.org\\\/pl\\\/\",\"name\":\"Billionairespin\",\"description\":\"\",\"publisher\":{\"@id\":\"https:\\\/\\\/billionaire-spin.org\\\/pl\\\/#organization\"},\"potentialAction\":[{\"@type\":\"SearchAction\",\"target\":{\"@type\":\"EntryPoint\",\"urlTemplate\":\"https:\\\/\\\/billionaire-spin.org\\\/pl\\\/?s={search_term_string}\"},\"query-input\":{\"@type\":\"PropertyValueSpecification\",\"valueRequired\":true,\"valueName\":\"search_term_string\"}}],\"inLanguage\":\"pl-PL\"},{\"@type\":\"Organization\",\"@id\":\"https:\\\/\\\/billionaire-spin.org\\\/pl\\\/#organization\",\"name\":\"Billionairespin\",\"url\":\"https:\\\/\\\/billionaire-spin.org\\\/pl\\\/\",\"logo\":{\"@type\":\"ImageObject\",\"inLanguage\":\"pl-PL\",\"@id\":\"https:\\\/\\\/billionaire-spin.org\\\/pl\\\/#\\\/schema\\\/logo\\\/image\\\/\",\"url\":\"https:\\\/\\\/billionaire-spin.org\\\/wp-content\\\/uploads\\\/2025\\\/03\\\/Casino-logo-Desktop-1-1.png\",\"contentUrl\":\"https:\\\/\\\/billionaire-spin.org\\\/wp-content\\\/uploads\\\/2025\\\/03\\\/Casino-logo-Desktop-1-1.png\",\"width\":172,\"height\":72,\"caption\":\"Billionairespin\"},\"image\":{\"@id\":\"https:\\\/\\\/billionaire-spin.org\\\/pl\\\/#\\\/schema\\\/logo\\\/image\\\/\"}}]}<\/script>\n<!-- \/ Yoast SEO plugin. -->","yoast_head_json":{"title":"Billionairespin Login | Zaloguj si\u0119 na mobile i desktopie","description":"U\u017cyj Billionaire Spin login, aby bezpiecznie si\u0119 zalogowa\u0107, uzyska\u0107 dost\u0119p do swojego profilu, sprawdzi\u0107 aktywno\u015b\u0107 konta, zaktualizowa\u0107 ustawienia i wr\u00f3ci\u0107 do swoich gier w kilka sekund.","robots":{"index":"index","follow":"follow","max-snippet":"max-snippet:-1","max-image-preview":"max-image-preview:large","max-video-preview":"max-video-preview:-1"},"canonical":"https:\/\/billionaire-spin.org\/pl\/logowanie-i-rejestracja\/","og_locale":"pl_PL","og_type":"article","og_title":"Billionairespin Login | Zaloguj si\u0119 na mobile i desktopie","og_description":"U\u017cyj Billionaire Spin login, aby bezpiecznie si\u0119 zalogowa\u0107, uzyska\u0107 dost\u0119p do swojego profilu, sprawdzi\u0107 aktywno\u015b\u0107 konta, zaktualizowa\u0107 ustawienia i wr\u00f3ci\u0107 do swoich gier w kilka sekund.","og_url":"https:\/\/billionaire-spin.org\/pl\/logowanie-i-rejestracja\/","og_site_name":"billionaire-spin","article_modified_time":"2026-03-30T11:19:47+00:00","twitter_card":"summary_large_image","twitter_misc":{"Est. reading time":"1 minuta"},"schema":{"@context":"https:\/\/schema.org","@graph":[{"@type":"WebPage","@id":"https:\/\/billionaire-spin.org\/pl\/logowanie-i-rejestracja\/","url":"https:\/\/billionaire-spin.org\/pl\/logowanie-i-rejestracja\/","name":"Billionairespin Login | Zaloguj si\u0119 na mobile i desktopie","isPartOf":{"@id":"https:\/\/billionaire-spin.org\/pl\/#website"},"datePublished":"2026-03-30T06:55:11+00:00","dateModified":"2026-03-30T11:19:47+00:00","description":"U\u017cyj Billionaire Spin login, aby bezpiecznie si\u0119 zalogowa\u0107, uzyska\u0107 dost\u0119p do swojego profilu, sprawdzi\u0107 aktywno\u015b\u0107 konta, zaktualizowa\u0107 ustawienia i wr\u00f3ci\u0107 do swoich gier w kilka sekund.","breadcrumb":{"@id":"https:\/\/billionaire-spin.org\/pl\/logowanie-i-rejestracja\/#breadcrumb"},"inLanguage":"pl-PL","potentialAction":[{"@type":"ReadAction","target":["https:\/\/billionaire-spin.org\/pl\/logowanie-i-rejestracja\/"]}]},{"@type":"BreadcrumbList","@id":"https:\/\/billionaire-spin.org\/pl\/logowanie-i-rejestracja\/#breadcrumb","itemListElement":[{"@type":"ListItem","position":1,"name":"Billionairespin","item":"https:\/\/billionaire-spin.org\/pl\/"},{"@type":"ListItem","position":2,"name":"Logowanie i rejestracja"}]},{"@type":"WebSite","@id":"https:\/\/billionaire-spin.org\/pl\/#website","url":"https:\/\/billionaire-spin.org\/pl\/","name":"Billionairespin","description":"","publisher":{"@id":"https:\/\/billionaire-spin.org\/pl\/#organization"},"potentialAction":[{"@type":"SearchAction","target":{"@type":"EntryPoint","urlTemplate":"https:\/\/billionaire-spin.org\/pl\/?s={search_term_string}"},"query-input":{"@type":"PropertyValueSpecification","valueRequired":true,"valueName":"search_term_string"}}],"inLanguage":"pl-PL"},{"@type":"Organization","@id":"https:\/\/billionaire-spin.org\/pl\/#organization","name":"Billionairespin","url":"https:\/\/billionaire-spin.org\/pl\/","logo":{"@type":"ImageObject","inLanguage":"pl-PL","@id":"https:\/\/billionaire-spin.org\/pl\/#\/schema\/logo\/image\/","url":"https:\/\/billionaire-spin.org\/wp-content\/uploads\/2025\/03\/Casino-logo-Desktop-1-1.png","contentUrl":"https:\/\/billionaire-spin.org\/wp-content\/uploads\/2025\/03\/Casino-logo-Desktop-1-1.png","width":172,"height":72,"caption":"Billionairespin"},"image":{"@id":"https:\/\/billionaire-spin.org\/pl\/#\/schema\/logo\/image\/"}}]}},"_links":{"self":[{"href":"https:\/\/billionaire-spin.org\/pl\/wp-json\/wp\/v2\/pages\/1294","targetHints":{"allow":["GET"]}}],"collection":[{"href":"https:\/\/billionaire-spin.org\/pl\/wp-json\/wp\/v2\/pages"}],"about":[{"href":"https:\/\/billionaire-spin.org\/pl\/wp-json\/wp\/v2\/types\/page"}],"author":[{"embeddable":true,"href":"https:\/\/billionaire-spin.org\/pl\/wp-json\/wp\/v2\/users\/1"}],"replies":[{"embeddable":true,"href":"https:\/\/billionaire-spin.org\/pl\/wp-json\/wp\/v2\/comments?post=1294"}],"version-history":[{"count":2,"href":"https:\/\/billionaire-spin.org\/pl\/wp-json\/wp\/v2\/pages\/1294\/revisions"}],"predecessor-version":[{"id":1448,"href":"https:\/\/billionaire-spin.org\/pl\/wp-json\/wp\/v2\/pages\/1294\/revisions\/1448"}],"wp:attachment":[{"href":"https:\/\/billionaire-spin.org\/pl\/wp-json\/wp\/v2\/media?parent=1294"}],"curies":[{"name":"wp","href":"https:\/\/api.w.org\/{rel}","templated":true}]}}